{"id":1521,"date":"2024-05-24T11:37:18","date_gmt":"2024-05-24T09:37:18","guid":{"rendered":"https:\/\/ggr-partners.com\/?page_id=1521"},"modified":"2024-06-17T15:33:25","modified_gmt":"2024-06-17T13:33:25","slug":"protection-des-donnees-personnelles","status":"publish","type":"page","link":"https:\/\/ggr-partners.com\/en\/protection-des-donnees-personnelles\/","title":{"rendered":"Personal data protection"},"content":{"rendered":"<div data-elementor-type=\"wp-page\" data-elementor-id=\"1521\" class=\"elementor elementor-1521\" data-elementor-post-type=\"page\">\n\t\t\t\t<div class=\"elementor-element elementor-element-0aa50b4 e-con-full e-flex e-con e-parent\" data-id=\"0aa50b4\" data-element_type=\"container\" data-e-type=\"container\">\n\t\t\t\t<div class=\"elementor-element elementor-element-61c2e67 elementor-widget elementor-widget-heading\" data-id=\"61c2e67\" data-element_type=\"widget\" data-e-type=\"widget\" data-widget_type=\"heading.default\">\n\t\t\t\t<div class=\"elementor-widget-container\">\n\t\t\t\t\t<h1 class=\"elementor-heading-title elementor-size-default\"><span style=\"color:var(--e-global-color-fe53c1f)\">\u00b7<\/span> \n\nPersonal data protection<\/h1>\t\t\t\t<\/div>\n\t\t\t\t<\/div>\n\t\t\t\t<div class=\"elementor-element elementor-element-bc03e9a elementor-widget elementor-widget-text-editor\" data-id=\"bc03e9a\" data-element_type=\"widget\" data-e-type=\"widget\" data-widget_type=\"text-editor.default\">\n\t\t\t\t<div class=\"elementor-widget-container\">\n\t\t\t\t\t\t\t\t\t<div id=\"bgLayers_comp-ley1d1ui\" class=\"MW5IWV\" data-hook=\"bgLayers\" data-motion-part=\"BG_LAYER\">&nbsp;<\/div>\n<div class=\"\" data-mesh-id=\"comp-ley1d1uiinlineContent\" data-testid=\"inline-content\">\n<div data-mesh-id=\"comp-ley1d1uiinlineContent-gridContainer\" data-testid=\"mesh-container-content\">\n<div id=\"comp-ley1d724\" class=\"HcOXKn c9GqVL QxJLC3 comp-ley1d724 wixui-rich-text\" data-testid=\"richTextElement\">\n<p class=\"font_8 wixui-rich-text__text\"><span class=\"wixui-rich-text__text\">Politique de protection de la vie priv\u00e9e&nbsp;<\/span><\/p>\n<p class=\"font_8 wixui-rich-text__text\">Nous vous demandons de lire attentivement la pr\u00e9sente Politique de protection des donn\u00e9es personnelles. GGR &amp; Partners s\u2019engage \u00e0 traiter et prot\u00e9ger les donn\u00e9es personnelles re\u00e7ues sur le site&nbsp;<a class=\"wixui-rich-text__text\" href=\"http:\/\/www.gr\/\" target=\"_blank\" rel=\"noopener\" data-auto-recognition=\"true\">www.ggr-partners.com<\/a>&nbsp;avec professionnalisme, \u00e9thique et conform\u00e9ment \u00e0 la r\u00e9glementation en vigueur.<\/p>\n<p class=\"font_8 wixui-rich-text__text\">Les informations que nous collectons par le biais du pr\u00e9sent site sont exclusivement destin\u00e9es au traitement de votre candidature. Ces donn\u00e9es incluent les \u00e9l\u00e9ments figurant sur votre CV (par exemple votre nom, votre adresse, vos qualifications\u2026) ainsi que les informations collect\u00e9es par le biais des formulaires que vous \u00eates amen\u00e9s \u00e0 compl\u00e9ter en ligne. En d\u00e9posant des donn\u00e9es personnelles sur notre site, vous nous autorisez \u00e0 utiliser l\u2019ensemble de ces informations en votre nom et en accord avec les termes de la pr\u00e9sente politique de protection des donn\u00e9es.<\/p>\n<p class=\"font_8 wixui-rich-text__text\">En int\u00e9grant une proc\u00e9dure de recrutement via GGR&amp;Partners et exclusivement suite \u00e0 la rencontre (physique ou par visio ou t\u00e9l\u00e9phone) de l\u2019un de ses consultants, vous marquez votre accord sur le principe qu\u2019un rapport (entretien ou assessment) puisse \u00eatre \u00e9mis \u00e0 votre sujet et transmis de mani\u00e8re confidentielle au client de GGR&amp;Partners pour unique finalit\u00e9 d\u2019\u00e9mettre un avis quant \u00e0 votre ad\u00e9quation professionnelle avec un poste \u00e0 pourvoir. Ces rapports sont propri\u00e9t\u00e9 du client, GGR&amp;Partners n\u2019est donc nullement tenu de vous en faire parvenir une copie au terme de la proc\u00e9dure. Un feedback oral pourra vous \u00eatre octroy\u00e9.<\/p>\n<p class=\"font_8 wixui-rich-text__text\"><span class=\"wixui-rich-text__text\">Discrimination&nbsp;<\/span><\/p>\n<p class=\"font_8 wixui-rich-text__text\">GGR&amp;Partners respecte les r\u00e8gles de d\u00e9ontologie de la profession et les dispositions l\u00e9gales en mati\u00e8re de traitement des donn\u00e9es personnelles afin de pr\u00e9venir tout risque de discrimination.<\/p>\n<p class=\"font_8 wixui-rich-text__text\">Nous vous recommandons de ne faire \u00e9tat d\u2019aucune information personnelle qui n\u2019aurait pas de lien avec vos comp\u00e9tences professionnelles et plus sp\u00e9cifiquement de vous abstenir de toute mention ayant trait \u00e0 vos origines, votre \u00e9tat de sant\u00e9, vos m\u0153urs, votre orientations sexuelle, vos opinions politiques, votre apparence physique, vos activit\u00e9s syndicales, votre appartenance ou non-appartenance \u00e0 une ethnie, une nation, une race ou vos convictions religieuses.<\/p>\n<p class=\"font_8 wixui-rich-text__text\"><span class=\"wixui-rich-text__text\">Informatique et Libert\u00e9s<\/span><\/p>\n<p class=\"font_8 wixui-rich-text__text\">En application de la loi, vous disposez d\u2019un droit d\u2019acc\u00e8s, de communication, de rectification et de suppression des donn\u00e9es personnelles vous concernant. Pour exercer l\u2019un de ces droits, vous pouvez adresser un e-mail \u00e0 l\u2019adresse suivante:&nbsp;<a class=\"wixui-rich-text__text\" href=\"mailto:info@grpartners.be\" data-auto-recognition=\"true\">info@ggr-partners.c<\/a>om.<\/p>\n<p class=\"font_8 wixui-rich-text__text\">Diffusion \u2013 Communication des donn\u00e9es personnelles<\/p>\n<p class=\"font_8 wixui-rich-text__text\">Dans le cadre du traitement de votre candidature, nous n\u2019autorisons l\u2019acc\u00e8s \u00e0 vos informations personnelles qu\u2019\u00e0 notre personnel (dont stagiaires) ainsi qu\u2019\u00e0 de futurs employeurs potentiels.<\/p>\n<p class=\"font_8 wixui-rich-text__text\">Nous vous informons \u00e9galement que nous communiquerons vos donn\u00e9es personnelles si la loi nous y oblige ou en vertu d\u2019une d\u00e9cision de justice.<\/p>\n<p class=\"font_8 wixui-rich-text__text\"><span class=\"wixui-rich-text__text\">Actualisation<\/span><\/p>\n<p class=\"font_8 wixui-rich-text__text\">Vous vous engagez \u00e0 nous informer dans les plus brefs d\u00e9lais de toute modification concernant vos donn\u00e9es personnelles (adresse, coordonn\u00e9es, mobilit\u00e9 ou plus g\u00e9n\u00e9ralement votre situation) afin que nous maintenions votre profil \u00e0 jour en cons\u00e9quence.<\/p>\n<p class=\"font_8 wixui-rich-text__text\"><span class=\"wixui-rich-text__text\">S\u00e9curit\u00e9<\/span><\/p>\n<p class=\"font_8 wixui-rich-text__text\">Vos donn\u00e9es personnelles sont h\u00e9berg\u00e9es par des serveurs qui sont s\u00e9curis\u00e9s et nous mettons tout en \u0153uvre pour en assurer la protection. Toutefois, internet \u00e9tant un syst\u00e8me ouvert, GGR&amp;Partners ne peut garantir la s\u00e9curit\u00e9 des informations que vous nous transmettez via ce biais et d\u00e9gage toute responsabilit\u00e9 en cas d\u2019utilisation ill\u00e9gitime ou frauduleuse par un tiers non autoris\u00e9.<\/p>\n<\/div>\n<\/div>\n<\/div>\t\t\t\t\t\t\t\t<\/div>\n\t\t\t\t<\/div>\n\t\t\t\t<\/div>\n\t\t\t\t<\/div>","protected":false},"excerpt":{"rendered":"<p>\u00b7 Protection des donn\u00e9es personnelles &nbsp; Politique de protection de la vie priv\u00e9e&nbsp; Nous vous demandons de lire attentivement la pr\u00e9sente Politique de protection des donn\u00e9es personnelles. GGR &amp; Partners s\u2019engage \u00e0 traiter et prot\u00e9ger les donn\u00e9es personnelles re\u00e7ues sur le site&nbsp;www.ggr-partners.com&nbsp;avec professionnalisme, \u00e9thique et conform\u00e9ment \u00e0 la r\u00e9glementation en vigueur. Les informations que nous [&hellip;]<\/p>\n","protected":false},"author":1,"featured_media":0,"parent":0,"menu_order":0,"comment_status":"closed","ping_status":"closed","template":"","meta":{"footnotes":""},"class_list":["post-1521","page","type-page","status-publish","hentry"],"yoast_head":"<!-- This site is optimized with the Yoast SEO plugin v27.5 - https:\/\/yoast.com\/product\/yoast-seo-wordpress\/ -->\n<title>Protection des donn\u00e9es personnelles - GGR&amp;Partners<\/title>\n<meta name=\"robots\" content=\"noindex, follow\" \/>\n<meta property=\"og:locale\" content=\"en_GB\" \/>\n<meta property=\"og:type\" content=\"article\" \/>\n<meta property=\"og:title\" content=\"Protection des donn\u00e9es personnelles - GGR&amp;Partners\" \/>\n<meta property=\"og:description\" content=\"\u00b7 Protection des donn\u00e9es personnelles &nbsp; Politique de protection de la vie priv\u00e9e&nbsp; Nous vous demandons de lire attentivement la pr\u00e9sente Politique de protection des donn\u00e9es personnelles. GGR &amp; Partners s\u2019engage \u00e0 traiter et prot\u00e9ger les donn\u00e9es personnelles re\u00e7ues sur le site&nbsp;www.ggr-partners.com&nbsp;avec professionnalisme, \u00e9thique et conform\u00e9ment \u00e0 la r\u00e9glementation en vigueur. Les informations que nous [&hellip;]\" \/>\n<meta property=\"og:url\" content=\"https:\/\/ggr-partners.com\/en\/protection-des-donnees-personnelles\/\" \/>\n<meta property=\"og:site_name\" content=\"GGR&amp;Partners\" \/>\n<meta property=\"article:modified_time\" content=\"2024-06-17T13:33:25+00:00\" \/>\n<meta name=\"twitter:card\" content=\"summary_large_image\" \/>\n<meta name=\"twitter:label1\" content=\"Estimated reading time\" \/>\n\t<meta name=\"twitter:data1\" content=\"3 minutes\" \/>\n<script type=\"application\/ld+json\" class=\"yoast-schema-graph\">{\"@context\":\"https:\\\/\\\/schema.org\",\"@graph\":[{\"@type\":\"WebPage\",\"@id\":\"https:\\\/\\\/ggr-partners.com\\\/protection-des-donnees-personnelles\\\/\",\"url\":\"https:\\\/\\\/ggr-partners.com\\\/protection-des-donnees-personnelles\\\/\",\"name\":\"Protection des donn\u00e9es personnelles - GGR&amp;Partners\",\"isPartOf\":{\"@id\":\"https:\\\/\\\/ggr-partners.com\\\/#website\"},\"datePublished\":\"2024-05-24T09:37:18+00:00\",\"dateModified\":\"2024-06-17T13:33:25+00:00\",\"breadcrumb\":{\"@id\":\"https:\\\/\\\/ggr-partners.com\\\/protection-des-donnees-personnelles\\\/#breadcrumb\"},\"inLanguage\":\"en-GB\",\"potentialAction\":[{\"@type\":\"ReadAction\",\"target\":[\"https:\\\/\\\/ggr-partners.com\\\/protection-des-donnees-personnelles\\\/\"]}]},{\"@type\":\"BreadcrumbList\",\"@id\":\"https:\\\/\\\/ggr-partners.com\\\/protection-des-donnees-personnelles\\\/#breadcrumb\",\"itemListElement\":[{\"@type\":\"ListItem\",\"position\":1,\"name\":\"Accueil\",\"item\":\"https:\\\/\\\/ggr-partners.com\\\/\"},{\"@type\":\"ListItem\",\"position\":2,\"name\":\"Protection des donn\u00e9es personnelles\"}]},{\"@type\":\"WebSite\",\"@id\":\"https:\\\/\\\/ggr-partners.com\\\/#website\",\"url\":\"https:\\\/\\\/ggr-partners.com\\\/\",\"name\":\"GGR&Partners\",\"description\":\"People. Purpose. Performance.\",\"publisher\":{\"@id\":\"https:\\\/\\\/ggr-partners.com\\\/#organization\"},\"potentialAction\":[{\"@type\":\"SearchAction\",\"target\":{\"@type\":\"EntryPoint\",\"urlTemplate\":\"https:\\\/\\\/ggr-partners.com\\\/?s={search_term_string}\"},\"query-input\":{\"@type\":\"PropertyValueSpecification\",\"valueRequired\":true,\"valueName\":\"search_term_string\"}}],\"inLanguage\":\"en-GB\"},{\"@type\":\"Organization\",\"@id\":\"https:\\\/\\\/ggr-partners.com\\\/#organization\",\"name\":\"GGR&Partners\",\"url\":\"https:\\\/\\\/ggr-partners.com\\\/\",\"logo\":{\"@type\":\"ImageObject\",\"inLanguage\":\"en-GB\",\"@id\":\"https:\\\/\\\/ggr-partners.com\\\/#\\\/schema\\\/logo\\\/image\\\/\",\"url\":\"https:\\\/\\\/ggr-partners.com\\\/wp-content\\\/uploads\\\/2023\\\/12\\\/GGR-wide-logo-2.png\",\"contentUrl\":\"https:\\\/\\\/ggr-partners.com\\\/wp-content\\\/uploads\\\/2023\\\/12\\\/GGR-wide-logo-2.png\",\"width\":2334,\"height\":552,\"caption\":\"GGR&Partners\"},\"image\":{\"@id\":\"https:\\\/\\\/ggr-partners.com\\\/#\\\/schema\\\/logo\\\/image\\\/\"}}]}<\/script>\n<!-- \/ Yoast SEO plugin. -->","yoast_head_json":{"title":"Protection des donn\u00e9es personnelles - GGR&amp;Partners","robots":{"index":"noindex","follow":"follow"},"og_locale":"en_GB","og_type":"article","og_title":"Protection des donn\u00e9es personnelles - GGR&amp;Partners","og_description":"\u00b7 Protection des donn\u00e9es personnelles &nbsp; Politique de protection de la vie priv\u00e9e&nbsp; Nous vous demandons de lire attentivement la pr\u00e9sente Politique de protection des donn\u00e9es personnelles. GGR &amp; Partners s\u2019engage \u00e0 traiter et prot\u00e9ger les donn\u00e9es personnelles re\u00e7ues sur le site&nbsp;www.ggr-partners.com&nbsp;avec professionnalisme, \u00e9thique et conform\u00e9ment \u00e0 la r\u00e9glementation en vigueur. Les informations que nous [&hellip;]","og_url":"https:\/\/ggr-partners.com\/en\/protection-des-donnees-personnelles\/","og_site_name":"GGR&amp;Partners","article_modified_time":"2024-06-17T13:33:25+00:00","twitter_card":"summary_large_image","twitter_misc":{"Estimated reading time":"3 minutes"},"schema":{"@context":"https:\/\/schema.org","@graph":[{"@type":"WebPage","@id":"https:\/\/ggr-partners.com\/protection-des-donnees-personnelles\/","url":"https:\/\/ggr-partners.com\/protection-des-donnees-personnelles\/","name":"Protection des donn\u00e9es personnelles - GGR&amp;Partners","isPartOf":{"@id":"https:\/\/ggr-partners.com\/#website"},"datePublished":"2024-05-24T09:37:18+00:00","dateModified":"2024-06-17T13:33:25+00:00","breadcrumb":{"@id":"https:\/\/ggr-partners.com\/protection-des-donnees-personnelles\/#breadcrumb"},"inLanguage":"en-GB","potentialAction":[{"@type":"ReadAction","target":["https:\/\/ggr-partners.com\/protection-des-donnees-personnelles\/"]}]},{"@type":"BreadcrumbList","@id":"https:\/\/ggr-partners.com\/protection-des-donnees-personnelles\/#breadcrumb","itemListElement":[{"@type":"ListItem","position":1,"name":"Accueil","item":"https:\/\/ggr-partners.com\/"},{"@type":"ListItem","position":2,"name":"Protection des donn\u00e9es personnelles"}]},{"@type":"WebSite","@id":"https:\/\/ggr-partners.com\/#website","url":"https:\/\/ggr-partners.com\/","name":"GGR&Partners","description":"People. Purpose. Performance.","publisher":{"@id":"https:\/\/ggr-partners.com\/#organization"},"potentialAction":[{"@type":"SearchAction","target":{"@type":"EntryPoint","urlTemplate":"https:\/\/ggr-partners.com\/?s={search_term_string}"},"query-input":{"@type":"PropertyValueSpecification","valueRequired":true,"valueName":"search_term_string"}}],"inLanguage":"en-GB"},{"@type":"Organization","@id":"https:\/\/ggr-partners.com\/#organization","name":"GGR&Partners","url":"https:\/\/ggr-partners.com\/","logo":{"@type":"ImageObject","inLanguage":"en-GB","@id":"https:\/\/ggr-partners.com\/#\/schema\/logo\/image\/","url":"https:\/\/ggr-partners.com\/wp-content\/uploads\/2023\/12\/GGR-wide-logo-2.png","contentUrl":"https:\/\/ggr-partners.com\/wp-content\/uploads\/2023\/12\/GGR-wide-logo-2.png","width":2334,"height":552,"caption":"GGR&Partners"},"image":{"@id":"https:\/\/ggr-partners.com\/#\/schema\/logo\/image\/"}}]}},"_links":{"self":[{"href":"https:\/\/ggr-partners.com\/en\/wp-json\/wp\/v2\/pages\/1521","targetHints":{"allow":["GET"]}}],"collection":[{"href":"https:\/\/ggr-partners.com\/en\/wp-json\/wp\/v2\/pages"}],"about":[{"href":"https:\/\/ggr-partners.com\/en\/wp-json\/wp\/v2\/types\/page"}],"author":[{"embeddable":true,"href":"https:\/\/ggr-partners.com\/en\/wp-json\/wp\/v2\/users\/1"}],"replies":[{"embeddable":true,"href":"https:\/\/ggr-partners.com\/en\/wp-json\/wp\/v2\/comments?post=1521"}],"version-history":[{"count":10,"href":"https:\/\/ggr-partners.com\/en\/wp-json\/wp\/v2\/pages\/1521\/revisions"}],"predecessor-version":[{"id":1913,"href":"https:\/\/ggr-partners.com\/en\/wp-json\/wp\/v2\/pages\/1521\/revisions\/1913"}],"wp:attachment":[{"href":"https:\/\/ggr-partners.com\/en\/wp-json\/wp\/v2\/media?parent=1521"}],"curies":[{"name":"wp","href":"https:\/\/api.w.org\/{rel}","templated":true}]}}